{"id":1477,"date":"2025-11-22T17:18:43","date_gmt":"2025-11-22T17:18:43","guid":{"rendered":"https:\/\/cafecitoparaelalma.com\/MarthaPaez\/?post_type=product&#038;p=1477"},"modified":"2025-11-22T17:26:25","modified_gmt":"2025-11-22T17:26:25","slug":"aguilas-con-alas-rotas","status":"publish","type":"product","link":"https:\/\/cafecitoparaelalma.com\/MarthaPaez\/producto\/aguilas-con-alas-rotas\/","title":{"rendered":"\u00c1guilas con Alas Rotas (DIGITAL)"},"content":{"rendered":"<p>En este tiempo se ha desatado una promoci\u00f3n publicitaria bastante audaz y poderosa donde incitan a todos a desarrollar un liderazgo, un emprendimiento, un rol donde ejerza un nivel de autoridad o de influencia sobre las personas.<\/p>\n<p>Aunque esos motivadores, coaches de vida, influencers o cualquiera que promociona que todos podemos desarrollar este tipo de liderazgo o influencia en los dem\u00e1s, no logran que funcione para todos, porque m\u00e1s que el deseo de ser o a\u00fan, los talentos para serlo, se necesita desarrollar la capacidad o el car\u00e1cter de hacer, el poder de hacer, para llegar a \u2018Ser\u2019 lo que est\u00e1s deseando.<\/p>\n","protected":false},"excerpt":{"rendered":"<p>Es un honor poder escribir a quienes est\u00e1n desarrollando un liderazgo o tienen la intenci\u00f3n de hacerlo en cualquier aspecto de la vida, pero a\u00fan m\u00e1s, si es en la vida espiritual, porque son ustedes quienes impactan vidas o lo har\u00e1n en un futuro cercano.<\/p>\n","protected":false},"featured_media":1479,"template":"","meta":{"site-sidebar-layout":"default","site-content-layout":"","ast-site-content-layout":"default","site-content-style":"default","site-sidebar-style":"default","ast-global-header-display":"","ast-banner-title-visibility":"","ast-main-header-display":"","ast-hfb-above-header-display":"","ast-hfb-below-header-display":"","ast-hfb-mobile-header-display":"","site-post-title":"","ast-breadcrumbs-content":"","ast-featured-img":"","footer-sml-layout":"","ast-disable-related-posts":"","theme-transparent-header-meta":"default","adv-header-id-meta":"","stick-header-meta":"","header-above-stick-meta":"","header-main-stick-meta":"","header-below-stick-meta":"","astra-migrate-meta-layouts":"set","ast-page-background-enabled":"default","ast-page-background-meta":{"desktop":{"background-color":"","background-image":"","background-repeat":"repeat","background-position":"center center","background-size":"auto","background-attachment":"scroll","background-type":"","background-media":"","overlay-type":"","overlay-color":"","overlay-opacity":"","overlay-gradient":""},"tablet":{"background-color":"","background-image":"","background-repeat":"repeat","background-position":"center center","background-size":"auto","background-attachment":"scroll","background-type":"","background-media":"","overlay-type":"","overlay-color":"","overlay-opacity":"","overlay-gradient":""},"mobile":{"background-color":"","background-image":"","background-repeat":"repeat","background-position":"center center","background-size":"auto","background-attachment":"scroll","background-type":"","background-media":"","overlay-type":"","overlay-color":"","overlay-opacity":"","overlay-gradient":""}},"ast-content-background-meta":{"desktop":{"background-color":"var(--ast-global-color-5)","background-image":"","background-repeat":"repeat","background-position":"center center","background-size":"auto","background-attachment":"scroll","background-type":"","background-media":"","overlay-type":"","overlay-color":"","overlay-opacity":"","overlay-gradient":""},"tablet":{"background-color":"var(--ast-global-color-5)","background-image":"","background-repeat":"repeat","background-position":"center center","background-size":"auto","background-attachment":"scroll","background-type":"","background-media":"","overlay-type":"","overlay-color":"","overlay-opacity":"","overlay-gradient":""},"mobile":{"background-color":"var(--ast-global-color-5)","background-image":"","background-repeat":"repeat","background-position":"center center","background-size":"auto","background-attachment":"scroll","background-type":"","background-media":"","overlay-type":"","overlay-color":"","overlay-opacity":"","overlay-gradient":""}},"_joinchat":[]},"product_brand":[],"product_cat":[24],"product_tag":[],"class_list":{"0":"post-1477","1":"product","2":"type-product","3":"status-publish","4":"has-post-thumbnail","6":"product_cat-libros-digitales","7":"desktop-align-center","8":"tablet-align-left","9":"mobile-align-left","11":"first","12":"instock","13":"downloadable","14":"virtual","15":"purchasable","16":"product-type-simple"},"_links":{"self":[{"href":"https:\/\/cafecitoparaelalma.com\/MarthaPaez\/wp-json\/wp\/v2\/product\/1477","targetHints":{"allow":["GET"]}}],"collection":[{"href":"https:\/\/cafecitoparaelalma.com\/MarthaPaez\/wp-json\/wp\/v2\/product"}],"about":[{"href":"https:\/\/cafecitoparaelalma.com\/MarthaPaez\/wp-json\/wp\/v2\/types\/product"}],"wp:featuredmedia":[{"embeddable":true,"href":"https:\/\/cafecitoparaelalma.com\/MarthaPaez\/wp-json\/wp\/v2\/media\/1479"}],"wp:attachment":[{"href":"https:\/\/cafecitoparaelalma.com\/MarthaPaez\/wp-json\/wp\/v2\/media?parent=1477"}],"wp:term":[{"taxonomy":"product_brand","embeddable":true,"href":"https:\/\/cafecitoparaelalma.com\/MarthaPaez\/wp-json\/wp\/v2\/product_brand?post=1477"},{"taxonomy":"product_cat","embeddable":true,"href":"https:\/\/cafecitoparaelalma.com\/MarthaPaez\/wp-json\/wp\/v2\/product_cat?post=1477"},{"taxonomy":"product_tag","embeddable":true,"href":"https:\/\/cafecitoparaelalma.com\/MarthaPaez\/wp-json\/wp\/v2\/product_tag?post=1477"}],"curies":[{"name":"wp","href":"https:\/\/api.w.org\/{rel}","templated":true}]}}