{"id":1374,"date":"2024-09-12T22:48:57","date_gmt":"2024-09-12T22:48:57","guid":{"rendered":"https:\/\/cafecitoparaelalma.com\/MarthaPaez\/?post_type=product&#038;p=1374"},"modified":"2025-11-22T17:17:09","modified_gmt":"2025-11-22T17:17:09","slug":"mi-marido-es-el-senor","status":"publish","type":"product","link":"https:\/\/cafecitoparaelalma.com\/MarthaPaez\/producto\/mi-marido-es-el-senor\/","title":{"rendered":"Mi Marido es el Se\u00f1or (DIGITAL)"},"content":{"rendered":"<p>En este libro: \u201cMi Marido Es El Se\u00f1or\u201d, escrito por Martha P\u00e1ez de Valero, sabr\u00e1s que no somos inmunes a los profundos desaf\u00edos de la vida, pero cada uno de nosotros tiene el poder de elegir c\u00f3mo reaccionamos ante ellos.<\/p>\n<p>La mujer cristiana que tiene que enfrentarse a la vida soltera por un divorcio, ser madre soltera o la muerte de su c\u00f3nyuge, enfrenta dificultades similares a las de una mujer casada o una madre con esposo; excepto, que est\u00e1 doblemente desfavorecida por la ausencia de su c\u00f3nyuge.<\/p>\n","protected":false},"excerpt":{"rendered":"<p>En su nuevo libro, Mi Marido Es El Se\u00f1or, la apasionada misionera e incansable ganadora de almas Martha P\u00e1ez de Valero, dedica esta obra literaria a mujeres que, por distintas circunstancias, luchan solas para que su vida, su casa y su descendencia tengan la salvaci\u00f3n y vivan victoriosamente para Cristo.<\/p>\n","protected":false},"featured_media":1375,"template":"","meta":{"site-sidebar-layout":"default","site-content-layout":"","ast-site-content-layout":"default","site-content-style":"default","site-sidebar-style":"default","ast-global-header-display":"","ast-banner-title-visibility":"","ast-main-header-display":"","ast-hfb-above-header-display":"","ast-hfb-below-header-display":"","ast-hfb-mobile-header-display":"","site-post-title":"","ast-breadcrumbs-content":"","ast-featured-img":"","footer-sml-layout":"","ast-disable-related-posts":"","theme-transparent-header-meta":"default","adv-header-id-meta":"","stick-header-meta":"","header-above-stick-meta":"","header-main-stick-meta":"","header-below-stick-meta":"","astra-migrate-meta-layouts":"set","ast-page-background-enabled":"default","ast-page-background-meta":{"desktop":{"background-color":"","background-image":"","background-repeat":"repeat","background-position":"center center","background-size":"auto","background-attachment":"scroll","background-type":"","background-media":"","overlay-type":"","overlay-color":"","overlay-opacity":"","overlay-gradient":""},"tablet":{"background-color":"","background-image":"","background-repeat":"repeat","background-position":"center center","background-size":"auto","background-attachment":"scroll","background-type":"","background-media":"","overlay-type":"","overlay-color":"","overlay-opacity":"","overlay-gradient":""},"mobile":{"background-color":"","background-image":"","background-repeat":"repeat","background-position":"center center","background-size":"auto","background-attachment":"scroll","background-type":"","background-media":"","overlay-type":"","overlay-color":"","overlay-opacity":"","overlay-gradient":""}},"ast-content-background-meta":{"desktop":{"background-color":"var(--ast-global-color-5)","background-image":"","background-repeat":"repeat","background-position":"center center","background-size":"auto","background-attachment":"scroll","background-type":"","background-media":"","overlay-type":"","overlay-color":"","overlay-opacity":"","overlay-gradient":""},"tablet":{"background-color":"var(--ast-global-color-5)","background-image":"","background-repeat":"repeat","background-position":"center center","background-size":"auto","background-attachment":"scroll","background-type":"","background-media":"","overlay-type":"","overlay-color":"","overlay-opacity":"","overlay-gradient":""},"mobile":{"background-color":"var(--ast-global-color-5)","background-image":"","background-repeat":"repeat","background-position":"center center","background-size":"auto","background-attachment":"scroll","background-type":"","background-media":"","overlay-type":"","overlay-color":"","overlay-opacity":"","overlay-gradient":""}},"_joinchat":[]},"product_brand":[],"product_cat":[24],"product_tag":[],"class_list":{"0":"post-1374","1":"product","2":"type-product","3":"status-publish","4":"has-post-thumbnail","6":"product_cat-libros-digitales","7":"desktop-align-center","8":"tablet-align-left","9":"mobile-align-left","11":"first","12":"instock","13":"downloadable","14":"virtual","15":"purchasable","16":"product-type-simple"},"_links":{"self":[{"href":"https:\/\/cafecitoparaelalma.com\/MarthaPaez\/wp-json\/wp\/v2\/product\/1374","targetHints":{"allow":["GET"]}}],"collection":[{"href":"https:\/\/cafecitoparaelalma.com\/MarthaPaez\/wp-json\/wp\/v2\/product"}],"about":[{"href":"https:\/\/cafecitoparaelalma.com\/MarthaPaez\/wp-json\/wp\/v2\/types\/product"}],"wp:featuredmedia":[{"embeddable":true,"href":"https:\/\/cafecitoparaelalma.com\/MarthaPaez\/wp-json\/wp\/v2\/media\/1375"}],"wp:attachment":[{"href":"https:\/\/cafecitoparaelalma.com\/MarthaPaez\/wp-json\/wp\/v2\/media?parent=1374"}],"wp:term":[{"taxonomy":"product_brand","embeddable":true,"href":"https:\/\/cafecitoparaelalma.com\/MarthaPaez\/wp-json\/wp\/v2\/product_brand?post=1374"},{"taxonomy":"product_cat","embeddable":true,"href":"https:\/\/cafecitoparaelalma.com\/MarthaPaez\/wp-json\/wp\/v2\/product_cat?post=1374"},{"taxonomy":"product_tag","embeddable":true,"href":"https:\/\/cafecitoparaelalma.com\/MarthaPaez\/wp-json\/wp\/v2\/product_tag?post=1374"}],"curies":[{"name":"wp","href":"https:\/\/api.w.org\/{rel}","templated":true}]}}