{"id":1241,"date":"2024-01-23T23:06:52","date_gmt":"2024-01-23T23:06:52","guid":{"rendered":"https:\/\/cafecitoparaelalma.com\/MarthaPaez\/?post_type=product&#038;p=1241"},"modified":"2025-11-22T17:17:58","modified_gmt":"2025-11-22T17:17:58","slug":"transformando-mi-caracter","status":"publish","type":"product","link":"https:\/\/cafecitoparaelalma.com\/MarthaPaez\/producto\/transformando-mi-caracter\/","title":{"rendered":"Transformando mi car\u00e1cter (DIGITAL)"},"content":{"rendered":"<p><strong>\u00a1Es de suma importancia tener un car\u00e1cter transformado que refleje a Cristo!<\/strong><\/p>\n<p>En este libro titulado <strong>\u201cTransformando Mi Car\u00e1cter\u201d<\/strong>, nuestra Misionera<strong> Martha P\u00e1ez de Valero<\/strong>; nos escribe con mucha pasi\u00f3n sobre la importancia de que corazones sean transformados por medio de la Palabra.<\/p>\n<p>En el centro de la palabra \u201cmetamorfosis,\u201d encontramos la palabra amor. Y es por el amor de Dios, que nosotros somos transformados. La palabra metamorfosis significa \u201cun cambio\u201d.<\/p>\n<p>Esto no solamente es un proceso de desprendernos de las cosas que desagradan a Dios, sino es un proceso de formaci\u00f3n de un car\u00e1cter que adquiere virtudes; que nos hacen parecernos m\u00e1s a Cristo. De esto es lo que este libro nos ense\u00f1a.<\/p>\n","protected":false},"excerpt":{"rendered":"<p>La Hermana Martha nos presenta hermosos temas y ense\u00f1anzas, de c\u00f3mo El Se\u00f1or Jesucristo desea transformar nuestro car\u00e1cter.<\/p>\n","protected":false},"featured_media":1243,"template":"","meta":{"site-sidebar-layout":"default","site-content-layout":"","ast-site-content-layout":"default","site-content-style":"default","site-sidebar-style":"default","ast-global-header-display":"","ast-banner-title-visibility":"","ast-main-header-display":"","ast-hfb-above-header-display":"","ast-hfb-below-header-display":"","ast-hfb-mobile-header-display":"","site-post-title":"","ast-breadcrumbs-content":"","ast-featured-img":"","footer-sml-layout":"","ast-disable-related-posts":"","theme-transparent-header-meta":"default","adv-header-id-meta":"","stick-header-meta":"","header-above-stick-meta":"","header-main-stick-meta":"","header-below-stick-meta":"","astra-migrate-meta-layouts":"set","ast-page-background-enabled":"default","ast-page-background-meta":{"desktop":{"background-color":"","background-image":"","background-repeat":"repeat","background-position":"center center","background-size":"auto","background-attachment":"scroll","background-type":"","background-media":"","overlay-type":"","overlay-color":"","overlay-opacity":"","overlay-gradient":""},"tablet":{"background-color":"","background-image":"","background-repeat":"repeat","background-position":"center center","background-size":"auto","background-attachment":"scroll","background-type":"","background-media":"","overlay-type":"","overlay-color":"","overlay-opacity":"","overlay-gradient":""},"mobile":{"background-color":"","background-image":"","background-repeat":"repeat","background-position":"center center","background-size":"auto","background-attachment":"scroll","background-type":"","background-media":"","overlay-type":"","overlay-color":"","overlay-opacity":"","overlay-gradient":""}},"ast-content-background-meta":{"desktop":{"background-color":"var(--ast-global-color-5)","background-image":"","background-repeat":"repeat","background-position":"center center","background-size":"auto","background-attachment":"scroll","background-type":"","background-media":"","overlay-type":"","overlay-color":"","overlay-opacity":"","overlay-gradient":""},"tablet":{"background-color":"var(--ast-global-color-5)","background-image":"","background-repeat":"repeat","background-position":"center center","background-size":"auto","background-attachment":"scroll","background-type":"","background-media":"","overlay-type":"","overlay-color":"","overlay-opacity":"","overlay-gradient":""},"mobile":{"background-color":"var(--ast-global-color-5)","background-image":"","background-repeat":"repeat","background-position":"center center","background-size":"auto","background-attachment":"scroll","background-type":"","background-media":"","overlay-type":"","overlay-color":"","overlay-opacity":"","overlay-gradient":""}},"_joinchat":[]},"product_brand":[],"product_cat":[24],"product_tag":[],"class_list":{"0":"post-1241","1":"product","2":"type-product","3":"status-publish","4":"has-post-thumbnail","6":"product_cat-libros-digitales","7":"desktop-align-center","8":"tablet-align-left","9":"mobile-align-left","11":"first","12":"instock","13":"downloadable","14":"virtual","15":"purchasable","16":"product-type-simple"},"_links":{"self":[{"href":"https:\/\/cafecitoparaelalma.com\/MarthaPaez\/wp-json\/wp\/v2\/product\/1241","targetHints":{"allow":["GET"]}}],"collection":[{"href":"https:\/\/cafecitoparaelalma.com\/MarthaPaez\/wp-json\/wp\/v2\/product"}],"about":[{"href":"https:\/\/cafecitoparaelalma.com\/MarthaPaez\/wp-json\/wp\/v2\/types\/product"}],"wp:featuredmedia":[{"embeddable":true,"href":"https:\/\/cafecitoparaelalma.com\/MarthaPaez\/wp-json\/wp\/v2\/media\/1243"}],"wp:attachment":[{"href":"https:\/\/cafecitoparaelalma.com\/MarthaPaez\/wp-json\/wp\/v2\/media?parent=1241"}],"wp:term":[{"taxonomy":"product_brand","embeddable":true,"href":"https:\/\/cafecitoparaelalma.com\/MarthaPaez\/wp-json\/wp\/v2\/product_brand?post=1241"},{"taxonomy":"product_cat","embeddable":true,"href":"https:\/\/cafecitoparaelalma.com\/MarthaPaez\/wp-json\/wp\/v2\/product_cat?post=1241"},{"taxonomy":"product_tag","embeddable":true,"href":"https:\/\/cafecitoparaelalma.com\/MarthaPaez\/wp-json\/wp\/v2\/product_tag?post=1241"}],"curies":[{"name":"wp","href":"https:\/\/api.w.org\/{rel}","templated":true}]}}